{"id":3001,"date":"2023-10-10T12:03:15","date_gmt":"2023-10-10T12:03:15","guid":{"rendered":"https:\/\/rb.sv\/index.php\/product\/reloj-inteligente-t900-pro-max\/"},"modified":"2024-04-29T16:34:04","modified_gmt":"2024-04-29T16:34:04","slug":"reloj-inteligente-t900-pro-max","status":"publish","type":"product","link":"https:\/\/rb.sv\/index.php\/product\/reloj-inteligente-t900-pro-max\/","title":{"rendered":"Reloj inteligente T900 Pro Max"},"content":{"rendered":"<div dir=\"auto\" style=\"text-align: left;\">Funciones:<\/div>\n<div dir=\"auto\">Notificaciones: Facebook, Whatsapp, mss, otros<\/div>\n<div dir=\"auto\">Recibe y realiza llamadas<\/div>\n<div dir=\"auto\">Medici\u00f3n de ritmo cardiaco<\/div>\n<div dir=\"auto\">Reproduce la m\u00fasica que escuchas desde el reloj (control de volumen)<\/div>\n<div dir=\"auto\">Multilenguaje con espa\u00f1ol incluido<\/div>\n<div dir=\"auto\">4 Modos Multi deportes<\/div>\n<div dir=\"auto\">Contador de pasos y calor\u00edas quemadas<\/div>\n<div dir=\"auto\">Monitoreo de sue\u00f1o<\/div>\n<div dir=\"auto\">Revisi\u00f3n del estado del tiempo<\/div>\n<div dir=\"auto\">Estilos de men\u00fa personalizado.<\/div>\n<div dir=\"auto\">Recordatorio de movimiento.<\/div>\n<div dir=\"auto\"><\/div>\n","protected":false},"excerpt":{"rendered":"<p>Funciones: Notificaciones: Facebook, Whatsapp, mss, otros Recibe y realiza llamadas Medici\u00f3n de ritmo cardiaco Reproduce la m\u00fasica que escuchas desde el reloj (control de volumen) Multilenguaje con espa\u00f1ol incluido 4 [&hellip;]<\/p>\n","protected":false},"featured_media":3189,"comment_status":"open","ping_status":"closed","template":"","meta":[],"product_brand":[],"product_cat":[215],"product_tag":[],"class_list":{"0":"post-3001","1":"product","2":"type-product","3":"status-publish","4":"has-post-thumbnail","6":"product_cat-SMARTWATCH","8":"first","9":"instock","10":"shipping-taxable","11":"purchasable","12":"product-type-variable"},"_links":{"self":[{"href":"https:\/\/rb.sv\/index.php\/wp-json\/wp\/v2\/product\/3001","targetHints":{"allow":["GET"]}}],"collection":[{"href":"https:\/\/rb.sv\/index.php\/wp-json\/wp\/v2\/product"}],"about":[{"href":"https:\/\/rb.sv\/index.php\/wp-json\/wp\/v2\/types\/product"}],"replies":[{"embeddable":true,"href":"https:\/\/rb.sv\/index.php\/wp-json\/wp\/v2\/comments?post=3001"}],"wp:featuredmedia":[{"embeddable":true,"href":"https:\/\/rb.sv\/index.php\/wp-json\/wp\/v2\/media\/3189"}],"wp:attachment":[{"href":"https:\/\/rb.sv\/index.php\/wp-json\/wp\/v2\/media?parent=3001"}],"wp:term":[{"taxonomy":"product_brand","embeddable":true,"href":"https:\/\/rb.sv\/index.php\/wp-json\/wp\/v2\/product_brand?post=3001"},{"taxonomy":"product_cat","embeddable":true,"href":"https:\/\/rb.sv\/index.php\/wp-json\/wp\/v2\/product_cat?post=3001"},{"taxonomy":"product_tag","embeddable":true,"href":"https:\/\/rb.sv\/index.php\/wp-json\/wp\/v2\/product_tag?post=3001"}],"curies":[{"name":"wp","href":"https:\/\/api.w.org\/{rel}","templated":true}]}}