{"id":2234,"date":"2022-12-06T16:58:43","date_gmt":"2022-12-06T16:58:43","guid":{"rendered":"https:\/\/rb.sv\/index.php\/product\/smartwatch-i7-pro-max\/"},"modified":"2024-04-29T16:34:04","modified_gmt":"2024-04-29T16:34:04","slug":"smartwatch-i7-pro-max","status":"publish","type":"product","link":"https:\/\/rb.sv\/index.php\/product\/smartwatch-i7-pro-max\/","title":{"rendered":"Smartwatch i7 Pro max"},"content":{"rendered":"<h3>Caracter\u00edsticas<\/h3>\n<ul>\n<li>Bater\u00eda de alta duraci\u00f3n<\/li>\n<li>Pantalla: IPS \u2013 1.75\u201d \u2013 Resoluci\u00f3n 320*240 pi\u0301xeles.<\/li>\n<li>Certificaci\u00f3n IP67 \u2013 (resistente salpicaduras)<\/li>\n<li>Bater\u00eda 280 mHA<\/li>\n<li>Requisitos del sistema Android 5.0 + \/ iOS 9.0+<\/li>\n<li>APP Hiwatch Pro<\/li>\n<li>Chip: Realtek RTK8762D<\/li>\n<\/ul>\n<h3><strong>Funciones<\/strong><\/h3>\n<ul>\n<li>Notificaciones: Facebook, Whatsapp, mss, otros<\/li>\n<li>Recibe y realiza llamadas<\/li>\n<li>Medici\u00f3n de ox\u00edgeno en la sangre SPO2<\/li>\n<li>Medici\u00f3n de ritmo cardiaco<\/li>\n<li>Control Presi\u00f3n Arterial<\/li>\n<li>Reproduce la m\u00fasica que escuchas desde el reloj (control de volumen)<\/li>\n<li>Multilenguaje con espa\u00f1ol incluido<\/li>\n<li>3 Modos Multi deportes<\/li>\n<li>Contador de pasos y calor\u00edas quemadas<\/li>\n<li>Calculador de distancia en los ejercicios<\/li>\n<li>Monitoreo de sue\u00f1o<\/li>\n<li>Revisi\u00f3n del estado del tiempo<\/li>\n<li>Estilos de men\u00fa personalizado.<\/li>\n<li>Recordatorio de movimiento.<\/li>\n<li>Cron\u00f3metro<\/li>\n<\/ul>\n","protected":false},"excerpt":{"rendered":"<p>Caracter\u00edsticas Bater\u00eda de alta duraci\u00f3n Pantalla: IPS \u2013 1.75\u201d \u2013 Resoluci\u00f3n 320*240 pi\u0301xeles. Certificaci\u00f3n IP67 \u2013 (resistente salpicaduras) Bater\u00eda 280 mHA Requisitos del sistema Android 5.0 + \/ iOS 9.0+ [&hellip;]<\/p>\n","protected":false},"featured_media":2239,"comment_status":"open","ping_status":"closed","template":"","meta":[],"product_brand":[],"product_cat":[215],"product_tag":[],"class_list":{"0":"post-2234","1":"product","2":"type-product","3":"status-publish","4":"has-post-thumbnail","6":"product_cat-SMARTWATCH","8":"first","9":"instock","10":"shipping-taxable","11":"purchasable","12":"product-type-variable"},"_links":{"self":[{"href":"https:\/\/rb.sv\/index.php\/wp-json\/wp\/v2\/product\/2234","targetHints":{"allow":["GET"]}}],"collection":[{"href":"https:\/\/rb.sv\/index.php\/wp-json\/wp\/v2\/product"}],"about":[{"href":"https:\/\/rb.sv\/index.php\/wp-json\/wp\/v2\/types\/product"}],"replies":[{"embeddable":true,"href":"https:\/\/rb.sv\/index.php\/wp-json\/wp\/v2\/comments?post=2234"}],"wp:featuredmedia":[{"embeddable":true,"href":"https:\/\/rb.sv\/index.php\/wp-json\/wp\/v2\/media\/2239"}],"wp:attachment":[{"href":"https:\/\/rb.sv\/index.php\/wp-json\/wp\/v2\/media?parent=2234"}],"wp:term":[{"taxonomy":"product_brand","embeddable":true,"href":"https:\/\/rb.sv\/index.php\/wp-json\/wp\/v2\/product_brand?post=2234"},{"taxonomy":"product_cat","embeddable":true,"href":"https:\/\/rb.sv\/index.php\/wp-json\/wp\/v2\/product_cat?post=2234"},{"taxonomy":"product_tag","embeddable":true,"href":"https:\/\/rb.sv\/index.php\/wp-json\/wp\/v2\/product_tag?post=2234"}],"curies":[{"name":"wp","href":"https:\/\/api.w.org\/{rel}","templated":true}]}}