{"id":2079,"date":"2022-11-07T15:45:57","date_gmt":"2022-11-07T15:45:57","guid":{"rendered":"https:\/\/rb.sv\/index.php\/product\/robot-de-control-remoto\/"},"modified":"2024-04-29T16:34:04","modified_gmt":"2024-04-29T16:34:04","slug":"robot-de-control-remoto","status":"publish","type":"product","link":"https:\/\/rb.sv\/index.php\/product\/robot-de-control-remoto\/","title":{"rendered":"ROBOT DE CONTROL REMOTO"},"content":{"rendered":"<p>&nbsp;<\/p>\n<ul class=\"a-unordered-list a-vertical a-spacing-mini\">\n<li><span class=\"a-list-item\">Mando a distancia inteligente: este incre\u00edble robot de control remoto no solo es robot de juguete de control infrarrojo, sino tambi\u00e9n modo de control de detecci\u00f3n de gestos.<\/span><\/li>\n<li><span class=\"a-list-item\">Acciones programables: este robot inteligente puede hacer 50 acciones, si cambias la funci\u00f3n de programaci\u00f3n, repetir\u00e1 el movimiento uno por uno para lo que hizo.<\/span><\/li>\n<li><span class=\"a-list-item\">Juego educativo: la mejor herramienta de idea para ayudar a ense\u00f1ar conceptos de ense\u00f1anza en rob\u00f3tica, ciencia, arte y tecnolog\u00eda a tipos j\u00f3venes y luego desarrollar su capacidad creativa.<\/span><\/li>\n<\/ul>\n","protected":false},"excerpt":{"rendered":"<p>&nbsp; Mando a distancia inteligente: este incre\u00edble robot de control remoto no solo es robot de juguete de control infrarrojo, sino tambi\u00e9n modo de control de detecci\u00f3n de gestos. Acciones [&hellip;]<\/p>\n","protected":false},"featured_media":2081,"comment_status":"open","ping_status":"closed","template":"","meta":[],"product_brand":[],"product_cat":[220],"product_tag":[],"class_list":{"0":"post-2079","1":"product","2":"type-product","3":"status-publish","4":"has-post-thumbnail","6":"product_cat-JUGUETE","8":"first","9":"outofstock","10":"sale","11":"shipping-taxable","12":"purchasable","13":"product-type-simple"},"_links":{"self":[{"href":"https:\/\/rb.sv\/index.php\/wp-json\/wp\/v2\/product\/2079","targetHints":{"allow":["GET"]}}],"collection":[{"href":"https:\/\/rb.sv\/index.php\/wp-json\/wp\/v2\/product"}],"about":[{"href":"https:\/\/rb.sv\/index.php\/wp-json\/wp\/v2\/types\/product"}],"replies":[{"embeddable":true,"href":"https:\/\/rb.sv\/index.php\/wp-json\/wp\/v2\/comments?post=2079"}],"wp:featuredmedia":[{"embeddable":true,"href":"https:\/\/rb.sv\/index.php\/wp-json\/wp\/v2\/media\/2081"}],"wp:attachment":[{"href":"https:\/\/rb.sv\/index.php\/wp-json\/wp\/v2\/media?parent=2079"}],"wp:term":[{"taxonomy":"product_brand","embeddable":true,"href":"https:\/\/rb.sv\/index.php\/wp-json\/wp\/v2\/product_brand?post=2079"},{"taxonomy":"product_cat","embeddable":true,"href":"https:\/\/rb.sv\/index.php\/wp-json\/wp\/v2\/product_cat?post=2079"},{"taxonomy":"product_tag","embeddable":true,"href":"https:\/\/rb.sv\/index.php\/wp-json\/wp\/v2\/product_tag?post=2079"}],"curies":[{"name":"wp","href":"https:\/\/api.w.org\/{rel}","templated":true}]}}