{"id":1452,"date":"2022-10-25T10:57:04","date_gmt":"2022-10-25T10:57:04","guid":{"rendered":"https:\/\/rb.sv\/index.php\/product\/charm-de-atrapasuenos-believe-in-the-power-of-your-dreams-111050192\/"},"modified":"2024-04-29T16:34:04","modified_gmt":"2024-04-29T16:34:04","slug":"charm-de-atrapasuenos-believe-in-the-power-of-your-dreams-111050192","status":"publish","type":"product","link":"https:\/\/rb.sv\/index.php\/product\/charm-de-atrapasuenos-believe-in-the-power-of-your-dreams-111050192\/","title":{"rendered":"CHARM DE ATRAPASUE\u00f1OS &#8220;BELIEVE IN THE POWER OF YOUR DREAMS&#8221; 111050192"},"content":{"rendered":"<p>Deja que tu lado despreocupado y boho-chic deambule libremente con este Charm de plata en forma de talism\u00e1n Atrapasue\u00f1os Espiritual. Tradicionalmente s\u00edmbolo de esperanza y protecci\u00f3n.<\/p>\n<p>El charm posee la inscripci\u00f3n en la parte superior &#8220;Believe in the power of your dreams&#8221;<\/p>\n","protected":false},"excerpt":{"rendered":"<p>Deja que tu lado despreocupado y boho-chic deambule libremente con este Charm de plata en forma de talism\u00e1n Atrapasue\u00f1os Espiritual. Tradicionalmente s\u00edmbolo de esperanza y protecci\u00f3n. El charm posee la [&hellip;]<\/p>\n","protected":false},"featured_media":1156,"comment_status":"open","ping_status":"closed","template":"","meta":[],"product_brand":[],"product_cat":[207],"product_tag":[],"class_list":{"0":"post-1452","1":"product","2":"type-product","3":"status-publish","4":"has-post-thumbnail","6":"product_cat-CHARMS","8":"first","9":"instock","10":"sale","11":"shipping-taxable","12":"purchasable","13":"product-type-simple"},"_links":{"self":[{"href":"https:\/\/rb.sv\/index.php\/wp-json\/wp\/v2\/product\/1452","targetHints":{"allow":["GET"]}}],"collection":[{"href":"https:\/\/rb.sv\/index.php\/wp-json\/wp\/v2\/product"}],"about":[{"href":"https:\/\/rb.sv\/index.php\/wp-json\/wp\/v2\/types\/product"}],"replies":[{"embeddable":true,"href":"https:\/\/rb.sv\/index.php\/wp-json\/wp\/v2\/comments?post=1452"}],"wp:featuredmedia":[{"embeddable":true,"href":"https:\/\/rb.sv\/index.php\/wp-json\/wp\/v2\/media\/1156"}],"wp:attachment":[{"href":"https:\/\/rb.sv\/index.php\/wp-json\/wp\/v2\/media?parent=1452"}],"wp:term":[{"taxonomy":"product_brand","embeddable":true,"href":"https:\/\/rb.sv\/index.php\/wp-json\/wp\/v2\/product_brand?post=1452"},{"taxonomy":"product_cat","embeddable":true,"href":"https:\/\/rb.sv\/index.php\/wp-json\/wp\/v2\/product_cat?post=1452"},{"taxonomy":"product_tag","embeddable":true,"href":"https:\/\/rb.sv\/index.php\/wp-json\/wp\/v2\/product_tag?post=1452"}],"curies":[{"name":"wp","href":"https:\/\/api.w.org\/{rel}","templated":true}]}}